{"id":1791,"date":"2019-01-31T14:02:10","date_gmt":"2019-01-31T14:02:10","guid":{"rendered":""},"modified":"2020-10-26T16:40:00","modified_gmt":"2020-10-26T16:40:00","slug":"nos-produits","status":"publish","type":"page","link":"https:\/\/www.leplang.be\/?page_id=1791","title":{"rendered":"Nos produits\u00a0"},"content":{"rendered":"\n<h2 class=\"wp-block-heading\">Bois de constructions &#8211; charpentes, maisons, car-ports, pool house,&#8230;<\/h2>\n\n\n\n<p>Sciage et fabrication sur mesure&#8230;la robustesse du ch\u00eane.<\/p>\n\n\n\n<figure class=\"wp-block-gallery columns-2 is-cropped wp-block-gallery-1 is-layout-flex wp-block-gallery-is-layout-flex\"><ul class=\"blocks-gallery-grid\"><li class=\"blocks-gallery-item\"><figure><img loading=\"lazy\" decoding=\"async\" width=\"1024\" height=\"576\" src=\"https:\/\/www.leplang.be\/wp-content\/uploads\/2019\/01\/image281-1024x576.jpg\" alt=\"\" data-id=\"1864\" class=\"wp-image-1864\" srcset=\"https:\/\/www.leplang.be\/wp-content\/uploads\/2019\/01\/image281-1024x576.jpg 1024w, https:\/\/www.leplang.be\/wp-content\/uploads\/2019\/01\/image281-300x169.jpg 300w, https:\/\/www.leplang.be\/wp-content\/uploads\/2019\/01\/image281-768x432.jpg 768w, https:\/\/www.leplang.be\/wp-content\/uploads\/2019\/01\/image281.jpg 1280w\" sizes=\"auto, (max-width: 1024px) 100vw, 1024px\" \/><\/figure><\/li><li class=\"blocks-gallery-item\"><figure><img loading=\"lazy\" decoding=\"async\" width=\"1024\" height=\"768\" src=\"https:\/\/www.leplang.be\/wp-content\/uploads\/2019\/01\/P1050514-1024x768.jpg\" alt=\"\" data-id=\"1891\" data-link=\"https:\/\/www.leplang.be\/?attachment_id=1891\" class=\"wp-image-1891\" srcset=\"https:\/\/www.leplang.be\/wp-content\/uploads\/2019\/01\/P1050514-1024x768.jpg 1024w, https:\/\/www.leplang.be\/wp-content\/uploads\/2019\/01\/P1050514-300x225.jpg 300w, https:\/\/www.leplang.be\/wp-content\/uploads\/2019\/01\/P1050514-768x576.jpg 768w\" sizes=\"auto, (max-width: 1024px) 100vw, 1024px\" \/><\/figure><\/li><\/ul><\/figure>\n\n\n\n<h2 class=\"wp-block-heading\">Chemins et am\u00e9nagements de jardin<\/h2>\n\n\n\n<p>La force du ch\u00eane.<\/p>\n\n\n\n<figure class=\"wp-block-gallery columns-1 is-cropped wp-block-gallery-2 is-layout-flex wp-block-gallery-is-layout-flex\"><ul class=\"blocks-gallery-grid\"><li class=\"blocks-gallery-item\"><figure><img loading=\"lazy\" decoding=\"async\" width=\"1024\" height=\"768\" src=\"https:\/\/www.leplang.be\/wp-content\/uploads\/2019\/01\/IMAG0009-1024x768.jpg\" alt=\"\" data-id=\"1866\" class=\"wp-image-1866\" srcset=\"https:\/\/www.leplang.be\/wp-content\/uploads\/2019\/01\/IMAG0009-1024x768.jpg 1024w, https:\/\/www.leplang.be\/wp-content\/uploads\/2019\/01\/IMAG0009-300x225.jpg 300w, https:\/\/www.leplang.be\/wp-content\/uploads\/2019\/01\/IMAG0009-768x576.jpg 768w\" sizes=\"auto, (max-width: 1024px) 100vw, 1024px\" \/><\/figure><\/li><\/ul><\/figure>\n\n\n\n<h2 class=\"wp-block-heading\">Lamel\u00e9 coll\u00e9<\/h2>\n\n\n\n<p>Plus moderne et presque illimit\u00e9, l&rsquo;efficacit\u00e9 du ch\u00eane.<\/p>\n\n\n\n<figure class=\"wp-block-gallery columns-2 is-cropped wp-block-gallery-3 is-layout-flex wp-block-gallery-is-layout-flex\"><ul class=\"blocks-gallery-grid\"><li class=\"blocks-gallery-item\"><figure><img loading=\"lazy\" decoding=\"async\" width=\"768\" height=\"1024\" src=\"https:\/\/www.leplang.be\/wp-content\/uploads\/2019\/01\/lamelle-57-250-6-768x1024.jpg\" alt=\"\" data-id=\"1896\" class=\"wp-image-1896\" srcset=\"https:\/\/www.leplang.be\/wp-content\/uploads\/2019\/01\/lamelle-57-250-6-768x1024.jpg 768w, https:\/\/www.leplang.be\/wp-content\/uploads\/2019\/01\/lamelle-57-250-6-225x300.jpg 225w, https:\/\/www.leplang.be\/wp-content\/uploads\/2019\/01\/lamelle-57-250-6.jpg 960w\" sizes=\"auto, (max-width: 768px) 100vw, 768px\" \/><\/figure><\/li><li class=\"blocks-gallery-item\"><figure><img loading=\"lazy\" decoding=\"async\" width=\"768\" height=\"1024\" src=\"https:\/\/www.leplang.be\/wp-content\/uploads\/2019\/01\/lamelle-57-250-5-768x1024.jpg\" alt=\"\" data-id=\"1897\" data-link=\"https:\/\/www.leplang.be\/?attachment_id=1897\" class=\"wp-image-1897\" srcset=\"https:\/\/www.leplang.be\/wp-content\/uploads\/2019\/01\/lamelle-57-250-5-768x1024.jpg 768w, https:\/\/www.leplang.be\/wp-content\/uploads\/2019\/01\/lamelle-57-250-5-225x300.jpg 225w, https:\/\/www.leplang.be\/wp-content\/uploads\/2019\/01\/lamelle-57-250-5.jpg 960w\" sizes=\"auto, (max-width: 768px) 100vw, 768px\" \/><\/figure><\/li><\/ul><\/figure>\n\n\n\n<h2 class=\"wp-block-heading\">Terrasses<\/h2>\n\n\n\n<p>Parquet de jardin, les plages de piscine, la noblesse du ch\u00eane.<\/p>\n\n\n\n<figure class=\"wp-block-gallery columns-2 is-cropped wp-block-gallery-4 is-layout-flex wp-block-gallery-is-layout-flex\"><ul class=\"blocks-gallery-grid\"><li class=\"blocks-gallery-item\"><figure><img loading=\"lazy\" decoding=\"async\" width=\"1024\" height=\"768\" src=\"https:\/\/www.leplang.be\/wp-content\/uploads\/2019\/01\/DSC02229-1-1024x768.jpg\" alt=\"\" data-id=\"1876\" class=\"wp-image-1876\" srcset=\"https:\/\/www.leplang.be\/wp-content\/uploads\/2019\/01\/DSC02229-1-1024x768.jpg 1024w, https:\/\/www.leplang.be\/wp-content\/uploads\/2019\/01\/DSC02229-1-300x225.jpg 300w, https:\/\/www.leplang.be\/wp-content\/uploads\/2019\/01\/DSC02229-1-768x576.jpg 768w\" sizes=\"auto, (max-width: 1024px) 100vw, 1024px\" \/><\/figure><\/li><li class=\"blocks-gallery-item\"><figure><img loading=\"lazy\" decoding=\"async\" width=\"1024\" height=\"768\" src=\"https:\/\/www.leplang.be\/wp-content\/uploads\/2019\/01\/DSC02250-1024x768.jpg\" alt=\"\" data-id=\"1893\" data-link=\"https:\/\/www.leplang.be\/?attachment_id=1893\" class=\"wp-image-1893\" srcset=\"https:\/\/www.leplang.be\/wp-content\/uploads\/2019\/01\/DSC02250-1024x768.jpg 1024w, https:\/\/www.leplang.be\/wp-content\/uploads\/2019\/01\/DSC02250-300x225.jpg 300w, https:\/\/www.leplang.be\/wp-content\/uploads\/2019\/01\/DSC02250-768x576.jpg 768w\" sizes=\"auto, (max-width: 1024px) 100vw, 1024px\" \/><\/figure><\/li><\/ul><\/figure>\n\n\n\n<h2 class=\"wp-block-heading\">Bardages int\u00e9rieurs<\/h2>\n\n\n\n<p>Appel\u00e9 aussi lambris, l&rsquo;authenticit\u00e9 du ch\u00eane.<\/p>\n\n\n\n<figure class=\"wp-block-gallery columns-2 is-cropped wp-block-gallery-5 is-layout-flex wp-block-gallery-is-layout-flex\"><ul class=\"blocks-gallery-grid\"><li class=\"blocks-gallery-item\"><figure><img loading=\"lazy\" decoding=\"async\" width=\"1024\" height=\"576\" src=\"https:\/\/www.leplang.be\/wp-content\/uploads\/2019\/01\/image293-1024x576.jpg\" alt=\"\" data-id=\"1875\" class=\"wp-image-1875\" srcset=\"https:\/\/www.leplang.be\/wp-content\/uploads\/2019\/01\/image293-1024x576.jpg 1024w, https:\/\/www.leplang.be\/wp-content\/uploads\/2019\/01\/image293-300x169.jpg 300w, https:\/\/www.leplang.be\/wp-content\/uploads\/2019\/01\/image293-768x432.jpg 768w, https:\/\/www.leplang.be\/wp-content\/uploads\/2019\/01\/image293.jpg 1280w\" sizes=\"auto, (max-width: 1024px) 100vw, 1024px\" \/><\/figure><\/li><li class=\"blocks-gallery-item\"><figure><img loading=\"lazy\" decoding=\"async\" width=\"1024\" height=\"768\" src=\"https:\/\/www.leplang.be\/wp-content\/uploads\/2019\/01\/P1050664-1024x768.jpg\" alt=\"\" data-id=\"1882\" data-link=\"https:\/\/www.leplang.be\/?attachment_id=1882\" class=\"wp-image-1882\" srcset=\"https:\/\/www.leplang.be\/wp-content\/uploads\/2019\/01\/P1050664-1024x768.jpg 1024w, https:\/\/www.leplang.be\/wp-content\/uploads\/2019\/01\/P1050664-300x225.jpg 300w, https:\/\/www.leplang.be\/wp-content\/uploads\/2019\/01\/P1050664-768x576.jpg 768w\" sizes=\"auto, (max-width: 1024px) 100vw, 1024px\" \/><\/figure><\/li><\/ul><\/figure>\n\n\n\n<h2 class=\"wp-block-heading\">Portes<\/h2>\n\n\n\n<p>Fabrication \u00e0 la demande, le style du ch\u00eane.<\/p>\n\n\n\n<figure class=\"wp-block-gallery columns-2 is-cropped wp-block-gallery-6 is-layout-flex wp-block-gallery-is-layout-flex\"><ul class=\"blocks-gallery-grid\"><li class=\"blocks-gallery-item\"><figure><img loading=\"lazy\" decoding=\"async\" width=\"1024\" height=\"768\" src=\"https:\/\/www.leplang.be\/wp-content\/uploads\/2019\/01\/bois-scie-019-1024x768.jpg\" alt=\"\" data-id=\"1874\" class=\"wp-image-1874\" srcset=\"https:\/\/www.leplang.be\/wp-content\/uploads\/2019\/01\/bois-scie-019-1024x768.jpg 1024w, https:\/\/www.leplang.be\/wp-content\/uploads\/2019\/01\/bois-scie-019-300x225.jpg 300w, https:\/\/www.leplang.be\/wp-content\/uploads\/2019\/01\/bois-scie-019-768x576.jpg 768w, https:\/\/www.leplang.be\/wp-content\/uploads\/2019\/01\/bois-scie-019.jpg 1280w\" sizes=\"auto, (max-width: 1024px) 100vw, 1024px\" \/><\/figure><\/li><li class=\"blocks-gallery-item\"><figure><img loading=\"lazy\" decoding=\"async\" width=\"1024\" height=\"768\" src=\"https:\/\/www.leplang.be\/wp-content\/uploads\/2019\/01\/bois-scie-007-1024x768.jpg\" alt=\"\" data-id=\"1894\" data-link=\"https:\/\/www.leplang.be\/?attachment_id=1894\" class=\"wp-image-1894\" srcset=\"https:\/\/www.leplang.be\/wp-content\/uploads\/2019\/01\/bois-scie-007-1024x768.jpg 1024w, https:\/\/www.leplang.be\/wp-content\/uploads\/2019\/01\/bois-scie-007-300x225.jpg 300w, https:\/\/www.leplang.be\/wp-content\/uploads\/2019\/01\/bois-scie-007-768x576.jpg 768w, https:\/\/www.leplang.be\/wp-content\/uploads\/2019\/01\/bois-scie-007.jpg 1280w\" sizes=\"auto, (max-width: 1024px) 100vw, 1024px\" \/><\/figure><\/li><\/ul><\/figure>\n\n\n\n<p><\/p>\n\n\n\n<h2 class=\"wp-block-heading\">Plots<\/h2>\n\n\n\n<p>pour les gens de m\u00e9tier ou les menuisiers en herbe, la nature du ch\u00eane.<br><\/p>\n\n\n\n<figure class=\"wp-block-image is-resized\"><img loading=\"lazy\" decoding=\"async\" src=\"https:\/\/www.leplang.be\/wp-content\/uploads\/2019\/01\/Snapshot_2013612-3-1024x768.jpg\" alt=\"\" class=\"wp-image-1872\" width=\"357\" height=\"268\" srcset=\"https:\/\/www.leplang.be\/wp-content\/uploads\/2019\/01\/Snapshot_2013612-3-1024x768.jpg 1024w, https:\/\/www.leplang.be\/wp-content\/uploads\/2019\/01\/Snapshot_2013612-3-300x225.jpg 300w, https:\/\/www.leplang.be\/wp-content\/uploads\/2019\/01\/Snapshot_2013612-3-768x576.jpg 768w\" sizes=\"auto, (max-width: 357px) 100vw, 357px\" \/><\/figure>\n\n\n\n<p><\/p>\n\n\n\n<h2 class=\"wp-block-heading\">Bardages et couvertures<\/h2>\n\n\n\n<p>Protection, isolation et d\u00e9coration des murs, la durabilit\u00e9 du ch\u00eane.<\/p>\n\n\n\n<figure class=\"wp-block-gallery columns-2 is-cropped wp-block-gallery-7 is-layout-flex wp-block-gallery-is-layout-flex\"><ul class=\"blocks-gallery-grid\"><li class=\"blocks-gallery-item\"><figure><img loading=\"lazy\" decoding=\"async\" width=\"1024\" height=\"768\" src=\"https:\/\/www.leplang.be\/wp-content\/uploads\/2019\/01\/DSCF7437-1024x768.jpg\" alt=\"\" data-id=\"1871\" class=\"wp-image-1871\" srcset=\"https:\/\/www.leplang.be\/wp-content\/uploads\/2019\/01\/DSCF7437-1024x768.jpg 1024w, https:\/\/www.leplang.be\/wp-content\/uploads\/2019\/01\/DSCF7437-300x225.jpg 300w, https:\/\/www.leplang.be\/wp-content\/uploads\/2019\/01\/DSCF7437-768x576.jpg 768w, https:\/\/www.leplang.be\/wp-content\/uploads\/2019\/01\/DSCF7437.jpg 1280w\" sizes=\"auto, (max-width: 1024px) 100vw, 1024px\" \/><\/figure><\/li><li class=\"blocks-gallery-item\"><figure><img loading=\"lazy\" decoding=\"async\" width=\"467\" height=\"353\" src=\"https:\/\/www.leplang.be\/wp-content\/uploads\/2019\/01\/Capture.png\" alt=\"\" data-id=\"1877\" data-link=\"https:\/\/www.leplang.be\/?attachment_id=1877\" class=\"wp-image-1877\" srcset=\"https:\/\/www.leplang.be\/wp-content\/uploads\/2019\/01\/Capture.png 467w, https:\/\/www.leplang.be\/wp-content\/uploads\/2019\/01\/Capture-300x227.png 300w\" sizes=\"auto, (max-width: 467px) 100vw, 467px\" \/><\/figure><\/li><\/ul><\/figure>\n\n\n\n<p><\/p>\n\n\n\n<h2 class=\"wp-block-heading\">Planchers et parquets<\/h2>\n\n\n\n<p>La chaleur du ch\u00eane.<\/p>\n\n\n\n<figure class=\"wp-block-gallery columns-3 is-cropped wp-block-gallery-8 is-layout-flex wp-block-gallery-is-layout-flex\"><ul class=\"blocks-gallery-grid\"><li class=\"blocks-gallery-item\"><figure><img loading=\"lazy\" decoding=\"async\" width=\"1024\" height=\"768\" src=\"https:\/\/www.leplang.be\/wp-content\/uploads\/2019\/01\/vieillis-4-faces-21-1024x768.jpg\" alt=\"\" data-id=\"1870\" class=\"wp-image-1870\" srcset=\"https:\/\/www.leplang.be\/wp-content\/uploads\/2019\/01\/vieillis-4-faces-21-1024x768.jpg 1024w, https:\/\/www.leplang.be\/wp-content\/uploads\/2019\/01\/vieillis-4-faces-21-300x225.jpg 300w, https:\/\/www.leplang.be\/wp-content\/uploads\/2019\/01\/vieillis-4-faces-21-768x576.jpg 768w, https:\/\/www.leplang.be\/wp-content\/uploads\/2019\/01\/vieillis-4-faces-21.jpg 1280w\" sizes=\"auto, (max-width: 1024px) 100vw, 1024px\" \/><\/figure><\/li><li class=\"blocks-gallery-item\"><figure><img loading=\"lazy\" decoding=\"async\" width=\"1024\" height=\"576\" src=\"https:\/\/www.leplang.be\/wp-content\/uploads\/2019\/01\/WIN_20160225_101313-1024x576.jpg\" alt=\"\" data-id=\"1880\" data-link=\"https:\/\/www.leplang.be\/?attachment_id=1880\" class=\"wp-image-1880\" srcset=\"https:\/\/www.leplang.be\/wp-content\/uploads\/2019\/01\/WIN_20160225_101313-1024x576.jpg 1024w, https:\/\/www.leplang.be\/wp-content\/uploads\/2019\/01\/WIN_20160225_101313-300x169.jpg 300w, https:\/\/www.leplang.be\/wp-content\/uploads\/2019\/01\/WIN_20160225_101313-768x432.jpg 768w, https:\/\/www.leplang.be\/wp-content\/uploads\/2019\/01\/WIN_20160225_101313.jpg 1920w\" sizes=\"auto, (max-width: 1024px) 100vw, 1024px\" \/><\/figure><\/li><li class=\"blocks-gallery-item\"><figure><img loading=\"lazy\" decoding=\"async\" width=\"1024\" height=\"768\" src=\"https:\/\/www.leplang.be\/wp-content\/uploads\/2019\/01\/P1050528-1024x768.jpg\" alt=\"\" data-id=\"1881\" data-link=\"https:\/\/www.leplang.be\/?attachment_id=1881\" class=\"wp-image-1881\" srcset=\"https:\/\/www.leplang.be\/wp-content\/uploads\/2019\/01\/P1050528-1024x768.jpg 1024w, https:\/\/www.leplang.be\/wp-content\/uploads\/2019\/01\/P1050528-300x225.jpg 300w, https:\/\/www.leplang.be\/wp-content\/uploads\/2019\/01\/P1050528-768x576.jpg 768w\" sizes=\"auto, (max-width: 1024px) 100vw, 1024px\" \/><\/figure><\/li><\/ul><\/figure>\n\n\n\n<p><\/p>\n\n\n\n<h2 class=\"wp-block-heading\">Mobiliers<\/h2>\n\n\n\n<p>Dessin\u00e9 et cr\u00e9\u00e9 chez nous pour vous, la douceur du ch\u00eane et faisant partie int\u00e9grante de notre marque PLAN CHENE (<a href=\"http:\/\/www.planchene.be\">www.planchene.be<\/a>)<br><\/p>\n\n\n\n<figure class=\"wp-block-gallery columns-2 is-cropped wp-block-gallery-9 is-layout-flex wp-block-gallery-is-layout-flex\"><ul class=\"blocks-gallery-grid\"><li class=\"blocks-gallery-item\"><figure><img loading=\"lazy\" decoding=\"async\" width=\"1024\" height=\"576\" src=\"https:\/\/www.leplang.be\/wp-content\/uploads\/2019\/01\/image246-1-1024x576.jpg\" alt=\"\" data-id=\"1868\" class=\"wp-image-1868\" srcset=\"https:\/\/www.leplang.be\/wp-content\/uploads\/2019\/01\/image246-1-1024x576.jpg 1024w, https:\/\/www.leplang.be\/wp-content\/uploads\/2019\/01\/image246-1-300x169.jpg 300w, https:\/\/www.leplang.be\/wp-content\/uploads\/2019\/01\/image246-1-768x432.jpg 768w, https:\/\/www.leplang.be\/wp-content\/uploads\/2019\/01\/image246-1.jpg 1280w\" sizes=\"auto, (max-width: 1024px) 100vw, 1024px\" \/><\/figure><\/li><li class=\"blocks-gallery-item\"><figure><img loading=\"lazy\" decoding=\"async\" width=\"1024\" height=\"576\" src=\"https:\/\/www.leplang.be\/wp-content\/uploads\/2019\/01\/image244-1024x576.jpg\" alt=\"\" data-id=\"1878\" data-link=\"https:\/\/www.leplang.be\/?attachment_id=1878\" class=\"wp-image-1878\" srcset=\"https:\/\/www.leplang.be\/wp-content\/uploads\/2019\/01\/image244-1024x576.jpg 1024w, https:\/\/www.leplang.be\/wp-content\/uploads\/2019\/01\/image244-300x169.jpg 300w, https:\/\/www.leplang.be\/wp-content\/uploads\/2019\/01\/image244-768x432.jpg 768w, https:\/\/www.leplang.be\/wp-content\/uploads\/2019\/01\/image244.jpg 1280w\" sizes=\"auto, (max-width: 1024px) 100vw, 1024px\" \/><\/figure><\/li><\/ul><\/figure>\n\n\n\n<p><\/p>\n","protected":false},"excerpt":{"rendered":"<p>Bois de constructions &#8211; charpentes, maisons, car-ports, pool house,&#8230; Sciage et fabrication sur mesure&#8230;la robustesse du ch\u00eane. Chemins et am\u00e9nagements de jardin La force du ch\u00eane. Lamel\u00e9 coll\u00e9 Plus moderne et presque illimit\u00e9, l&rsquo;efficacit\u00e9 du ch\u00eane. Terrasses Parquet de jardin, les plages de piscine, la noblesse du ch\u00eane. Bardages int\u00e9rieurs Appel\u00e9 aussi lambris, l&rsquo;authenticit\u00e9 du<span class=\"read-more-wrap\"><a class=\"moretag\" href=\"https:\/\/www.leplang.be\/?page_id=1791\">Lire la suite<span class=\"screen-reader-text\">Nos produits\u00a0<\/span><\/a><\/span><\/p>\n","protected":false},"author":1,"featured_media":0,"parent":0,"menu_order":0,"comment_status":"closed","ping_status":"closed","template":"","meta":{"footnotes":""},"class_list":["post-1791","page","type-page","status-publish","hentry"],"yoast_head":"<!-- This site is optimized with the Yoast SEO plugin v27.4 - https:\/\/yoast.com\/product\/yoast-seo-wordpress\/ -->\n<title>Nos produits\u00a0 - LEPLANG Bois<\/title>\n<meta name=\"robots\" content=\"index, follow, max-snippet:-1, max-image-preview:large, max-video-preview:-1\" \/>\n<link rel=\"canonical\" href=\"https:\/\/www.leplang.be\/?page_id=1791\" \/>\n<meta property=\"og:locale\" content=\"fr_FR\" \/>\n<meta property=\"og:type\" content=\"article\" \/>\n<meta property=\"og:title\" content=\"Nos produits\u00a0 - LEPLANG Bois\" \/>\n<meta property=\"og:description\" content=\"Bois de constructions &#8211; charpentes, maisons, car-ports, pool house,&#8230; Sciage et fabrication sur mesure&#8230;la robustesse du ch\u00eane. Chemins et am\u00e9nagements de jardin La force du ch\u00eane. Lamel\u00e9 coll\u00e9 Plus moderne et presque illimit\u00e9, l&rsquo;efficacit\u00e9 du ch\u00eane. Terrasses Parquet de jardin, les plages de piscine, la noblesse du ch\u00eane. Bardages int\u00e9rieurs Appel\u00e9 aussi lambris, l&rsquo;authenticit\u00e9 duLire la suiteNos produits\u00a0\" \/>\n<meta property=\"og:url\" content=\"https:\/\/www.leplang.be\/?page_id=1791\" \/>\n<meta property=\"og:site_name\" content=\"LEPLANG Bois\" \/>\n<meta property=\"article:modified_time\" content=\"2020-10-26T16:40:00+00:00\" \/>\n<meta property=\"og:image\" content=\"http:\/\/www.leplang.be\/wp-content\/uploads\/2019\/01\/image281-1024x576.jpg\" \/>\n<meta name=\"twitter:card\" content=\"summary_large_image\" \/>\n<meta name=\"twitter:label1\" content=\"Dur\u00e9e de lecture estim\u00e9e\" \/>\n\t<meta name=\"twitter:data1\" content=\"1 minute\" \/>\n<script type=\"application\/ld+json\" class=\"yoast-schema-graph\">{\"@context\":\"https:\\\/\\\/schema.org\",\"@graph\":[{\"@type\":\"WebPage\",\"@id\":\"https:\\\/\\\/www.leplang.be\\\/?page_id=1791\",\"url\":\"https:\\\/\\\/www.leplang.be\\\/?page_id=1791\",\"name\":\"Nos produits\u00a0 - LEPLANG Bois\",\"isPartOf\":{\"@id\":\"https:\\\/\\\/www.leplang.be\\\/#website\"},\"primaryImageOfPage\":{\"@id\":\"https:\\\/\\\/www.leplang.be\\\/?page_id=1791#primaryimage\"},\"image\":{\"@id\":\"https:\\\/\\\/www.leplang.be\\\/?page_id=1791#primaryimage\"},\"thumbnailUrl\":\"https:\\\/\\\/www.leplang.be\\\/wp-content\\\/uploads\\\/2019\\\/01\\\/image281-1024x576.jpg\",\"datePublished\":\"2019-01-31T14:02:10+00:00\",\"dateModified\":\"2020-10-26T16:40:00+00:00\",\"breadcrumb\":{\"@id\":\"https:\\\/\\\/www.leplang.be\\\/?page_id=1791#breadcrumb\"},\"inLanguage\":\"fr-FR\",\"potentialAction\":[{\"@type\":\"ReadAction\",\"target\":[\"https:\\\/\\\/www.leplang.be\\\/?page_id=1791\"]}]},{\"@type\":\"ImageObject\",\"inLanguage\":\"fr-FR\",\"@id\":\"https:\\\/\\\/www.leplang.be\\\/?page_id=1791#primaryimage\",\"url\":\"https:\\\/\\\/www.leplang.be\\\/wp-content\\\/uploads\\\/2019\\\/01\\\/image281.jpg\",\"contentUrl\":\"https:\\\/\\\/www.leplang.be\\\/wp-content\\\/uploads\\\/2019\\\/01\\\/image281.jpg\",\"width\":1280,\"height\":720},{\"@type\":\"BreadcrumbList\",\"@id\":\"https:\\\/\\\/www.leplang.be\\\/?page_id=1791#breadcrumb\",\"itemListElement\":[{\"@type\":\"ListItem\",\"position\":1,\"name\":\"Accueil\",\"item\":\"https:\\\/\\\/www.leplang.be\\\/\"},{\"@type\":\"ListItem\",\"position\":2,\"name\":\"Nos produits\u00a0\"}]},{\"@type\":\"WebSite\",\"@id\":\"https:\\\/\\\/www.leplang.be\\\/#website\",\"url\":\"https:\\\/\\\/www.leplang.be\\\/\",\"name\":\"Scierie LEPLANG\",\"description\":\"The Quality Oak Specialist\",\"publisher\":{\"@id\":\"https:\\\/\\\/www.leplang.be\\\/#organization\"},\"potentialAction\":[{\"@type\":\"SearchAction\",\"target\":{\"@type\":\"EntryPoint\",\"urlTemplate\":\"https:\\\/\\\/www.leplang.be\\\/?s={search_term_string}\"},\"query-input\":{\"@type\":\"PropertyValueSpecification\",\"valueRequired\":true,\"valueName\":\"search_term_string\"}}],\"inLanguage\":\"fr-FR\"},{\"@type\":\"Organization\",\"@id\":\"https:\\\/\\\/www.leplang.be\\\/#organization\",\"name\":\"LEPLANG\",\"url\":\"https:\\\/\\\/www.leplang.be\\\/\",\"logo\":{\"@type\":\"ImageObject\",\"inLanguage\":\"fr-FR\",\"@id\":\"https:\\\/\\\/www.leplang.be\\\/#\\\/schema\\\/logo\\\/image\\\/\",\"url\":\"https:\\\/\\\/www.leplang.be\\\/wp-content\\\/uploads\\\/2017\\\/02\\\/logo-scierie-e1488368194363.jpg\",\"contentUrl\":\"https:\\\/\\\/www.leplang.be\\\/wp-content\\\/uploads\\\/2017\\\/02\\\/logo-scierie-e1488368194363.jpg\",\"width\":192,\"height\":125,\"caption\":\"LEPLANG\"},\"image\":{\"@id\":\"https:\\\/\\\/www.leplang.be\\\/#\\\/schema\\\/logo\\\/image\\\/\"}}]}<\/script>\n<!-- \/ Yoast SEO plugin. -->","yoast_head_json":{"title":"Nos produits\u00a0 - LEPLANG Bois","robots":{"index":"index","follow":"follow","max-snippet":"max-snippet:-1","max-image-preview":"max-image-preview:large","max-video-preview":"max-video-preview:-1"},"canonical":"https:\/\/www.leplang.be\/?page_id=1791","og_locale":"fr_FR","og_type":"article","og_title":"Nos produits\u00a0 - LEPLANG Bois","og_description":"Bois de constructions &#8211; charpentes, maisons, car-ports, pool house,&#8230; Sciage et fabrication sur mesure&#8230;la robustesse du ch\u00eane. Chemins et am\u00e9nagements de jardin La force du ch\u00eane. Lamel\u00e9 coll\u00e9 Plus moderne et presque illimit\u00e9, l&rsquo;efficacit\u00e9 du ch\u00eane. Terrasses Parquet de jardin, les plages de piscine, la noblesse du ch\u00eane. Bardages int\u00e9rieurs Appel\u00e9 aussi lambris, l&rsquo;authenticit\u00e9 duLire la suiteNos produits\u00a0","og_url":"https:\/\/www.leplang.be\/?page_id=1791","og_site_name":"LEPLANG Bois","article_modified_time":"2020-10-26T16:40:00+00:00","og_image":[{"url":"http:\/\/www.leplang.be\/wp-content\/uploads\/2019\/01\/image281-1024x576.jpg","type":"","width":"","height":""}],"twitter_card":"summary_large_image","twitter_misc":{"Dur\u00e9e de lecture estim\u00e9e":"1 minute"},"schema":{"@context":"https:\/\/schema.org","@graph":[{"@type":"WebPage","@id":"https:\/\/www.leplang.be\/?page_id=1791","url":"https:\/\/www.leplang.be\/?page_id=1791","name":"Nos produits\u00a0 - LEPLANG Bois","isPartOf":{"@id":"https:\/\/www.leplang.be\/#website"},"primaryImageOfPage":{"@id":"https:\/\/www.leplang.be\/?page_id=1791#primaryimage"},"image":{"@id":"https:\/\/www.leplang.be\/?page_id=1791#primaryimage"},"thumbnailUrl":"https:\/\/www.leplang.be\/wp-content\/uploads\/2019\/01\/image281-1024x576.jpg","datePublished":"2019-01-31T14:02:10+00:00","dateModified":"2020-10-26T16:40:00+00:00","breadcrumb":{"@id":"https:\/\/www.leplang.be\/?page_id=1791#breadcrumb"},"inLanguage":"fr-FR","potentialAction":[{"@type":"ReadAction","target":["https:\/\/www.leplang.be\/?page_id=1791"]}]},{"@type":"ImageObject","inLanguage":"fr-FR","@id":"https:\/\/www.leplang.be\/?page_id=1791#primaryimage","url":"https:\/\/www.leplang.be\/wp-content\/uploads\/2019\/01\/image281.jpg","contentUrl":"https:\/\/www.leplang.be\/wp-content\/uploads\/2019\/01\/image281.jpg","width":1280,"height":720},{"@type":"BreadcrumbList","@id":"https:\/\/www.leplang.be\/?page_id=1791#breadcrumb","itemListElement":[{"@type":"ListItem","position":1,"name":"Accueil","item":"https:\/\/www.leplang.be\/"},{"@type":"ListItem","position":2,"name":"Nos produits\u00a0"}]},{"@type":"WebSite","@id":"https:\/\/www.leplang.be\/#website","url":"https:\/\/www.leplang.be\/","name":"Scierie LEPLANG","description":"The Quality Oak Specialist","publisher":{"@id":"https:\/\/www.leplang.be\/#organization"},"potentialAction":[{"@type":"SearchAction","target":{"@type":"EntryPoint","urlTemplate":"https:\/\/www.leplang.be\/?s={search_term_string}"},"query-input":{"@type":"PropertyValueSpecification","valueRequired":true,"valueName":"search_term_string"}}],"inLanguage":"fr-FR"},{"@type":"Organization","@id":"https:\/\/www.leplang.be\/#organization","name":"LEPLANG","url":"https:\/\/www.leplang.be\/","logo":{"@type":"ImageObject","inLanguage":"fr-FR","@id":"https:\/\/www.leplang.be\/#\/schema\/logo\/image\/","url":"https:\/\/www.leplang.be\/wp-content\/uploads\/2017\/02\/logo-scierie-e1488368194363.jpg","contentUrl":"https:\/\/www.leplang.be\/wp-content\/uploads\/2017\/02\/logo-scierie-e1488368194363.jpg","width":192,"height":125,"caption":"LEPLANG"},"image":{"@id":"https:\/\/www.leplang.be\/#\/schema\/logo\/image\/"}}]}},"_links":{"self":[{"href":"https:\/\/www.leplang.be\/index.php?rest_route=\/wp\/v2\/pages\/1791","targetHints":{"allow":["GET"]}}],"collection":[{"href":"https:\/\/www.leplang.be\/index.php?rest_route=\/wp\/v2\/pages"}],"about":[{"href":"https:\/\/www.leplang.be\/index.php?rest_route=\/wp\/v2\/types\/page"}],"author":[{"embeddable":true,"href":"https:\/\/www.leplang.be\/index.php?rest_route=\/wp\/v2\/users\/1"}],"replies":[{"embeddable":true,"href":"https:\/\/www.leplang.be\/index.php?rest_route=%2Fwp%2Fv2%2Fcomments&post=1791"}],"version-history":[{"count":8,"href":"https:\/\/www.leplang.be\/index.php?rest_route=\/wp\/v2\/pages\/1791\/revisions"}],"predecessor-version":[{"id":1924,"href":"https:\/\/www.leplang.be\/index.php?rest_route=\/wp\/v2\/pages\/1791\/revisions\/1924"}],"wp:attachment":[{"href":"https:\/\/www.leplang.be\/index.php?rest_route=%2Fwp%2Fv2%2Fmedia&parent=1791"}],"curies":[{"name":"wp","href":"https:\/\/api.w.org\/{rel}","templated":true}]}}