{"id":1795,"date":"2018-06-07T14:02:10","date_gmt":"2018-06-07T14:02:10","guid":{"rendered":"http:\/\/www.leplang.be\/?page_id=1795"},"modified":"2024-12-17T09:13:33","modified_gmt":"2024-12-17T09:13:33","slug":"contact-d1","status":"publish","type":"page","link":"https:\/\/www.leplang.be\/?page_id=1795","title":{"rendered":"Contact"},"content":{"rendered":"<div>\n<div>\n<h3>LEPLANG Bois s.a.<\/h3>\n<h3>T\u00e9l : 0032 61 50 80 00 &#8211; email g\u00e9n\u00e9ral : <a href=\"mailto:info@leplang.be\">info@leplang.be<\/a><\/h3>\n<\/div>\n<div>\n<p>Rue de Sedan 92 \u00e0 B-5550 Alle-sur-Semois\u00a0 <a href=\"https:\/\/www.google.com\/maps\/place\/49%C2%B050'05.4%22N+4%C2%B058'12.7%22E\/@49.8351696,4.9751604,15z\/data=!4m14!1m7!3m6!1s0x47ea76d6799db8e1:0x70e78e799931249d!2sRue+de+Sedan+92,+5550+Vresse-sur-Semois!3b1!8m2!3d49.8357992!4d4.9800998!3m5!1s0x47ea76d20881d19d:0x3ef7f26529550e7!7e2!8m2!3d49.8348184!4d4.9702004\"><img loading=\"lazy\" decoding=\"async\" class=\"n3VNCb alignnone\" src=\"https:\/\/pic.clubic.com\/v1\/images\/1774822\/raw?fit=smartCrop&amp;height=900&amp;width=900&amp;hash=89abf740dc5a3b64bd730634497645fa2595a537\" alt=\"Map\" width=\"35\" height=\"35\" data-noaft=\"1\" \/><\/a><\/p>\n<p>BCE\/TVA : BE0407.704.262<\/p>\n<\/div>\n<\/div>\n<div>\n<div>\n<p><strong>Direction :<\/strong> Bruno Leplang<\/p>\n<ul>\n<li>Email : bruno@leplang.be<\/li>\n<li>T\u00e9l : 0032 475 59 04 78<\/li>\n<\/ul>\n<p><strong>Secr\u00e9tariat et Comptabilit\u00e9 :\u00a0<\/strong><\/p>\n<ul>\n<li>secr\u00e9tariat g\u00e9n\u00e9ral : info@leplang.be<\/li>\n<li>comptabilit\u00e9 : compta@leplang.be<\/li>\n<li>T\u00e9l : 0032 61 50 80 00<\/li>\n<\/ul>\n<p><strong>Atelier Menuiserie : <\/strong>Sandro Michaux<\/p>\n<ul>\n<li>Email : atelier@leplang.be<\/li>\n<li>T\u00e9l : 0032 478 83 17 72<\/li>\n<\/ul>\n<p><strong>Magasin et parc \u00e0 grumes : <\/strong>Eric Crul<\/p>\n<ul>\n<li>Email : magasin@leplang.be<\/li>\n<li>T\u00e9l : 0032 472 99 36 68<\/li>\n<\/ul>\n<\/div>\n<\/div>\n\n\n<p><\/p>\n","protected":false},"excerpt":{"rendered":"<p>LEPLANG Bois s.a. T\u00e9l : 0032 61 50 80 00 &#8211; email g\u00e9n\u00e9ral : info@leplang.be Rue de Sedan 92 \u00e0 B-5550 Alle-sur-Semois\u00a0 BCE\/TVA : BE0407.704.262 Direction : Bruno Leplang Email : bruno@leplang.be T\u00e9l : 0032 475 59 04 78 Secr\u00e9tariat et Comptabilit\u00e9 :\u00a0 secr\u00e9tariat g\u00e9n\u00e9ral : info@leplang.be comptabilit\u00e9 : compta@leplang.be T\u00e9l : 0032 61 50<span class=\"read-more-wrap\"><a class=\"moretag\" href=\"https:\/\/www.leplang.be\/?page_id=1795\">Lire la suite<span class=\"screen-reader-text\">Contact<\/span><\/a><\/span><\/p>\n","protected":false},"author":1,"featured_media":0,"parent":0,"menu_order":0,"comment_status":"closed","ping_status":"closed","template":"","meta":{"footnotes":""},"class_list":["post-1795","page","type-page","status-publish","hentry"],"yoast_head":"<!-- This site is optimized with the Yoast SEO plugin v27.4 - https:\/\/yoast.com\/product\/yoast-seo-wordpress\/ -->\n<title>Contact - LEPLANG Bois<\/title>\n<meta name=\"robots\" content=\"index, follow, max-snippet:-1, max-image-preview:large, max-video-preview:-1\" \/>\n<link rel=\"canonical\" href=\"https:\/\/www.leplang.be\/?page_id=1795\" \/>\n<meta property=\"og:locale\" content=\"fr_FR\" \/>\n<meta property=\"og:type\" content=\"article\" \/>\n<meta property=\"og:title\" content=\"Contact - LEPLANG Bois\" \/>\n<meta property=\"og:description\" content=\"LEPLANG Bois s.a. T\u00e9l : 0032 61 50 80 00 &#8211; email g\u00e9n\u00e9ral : info@leplang.be Rue de Sedan 92 \u00e0 B-5550 Alle-sur-Semois\u00a0 BCE\/TVA : BE0407.704.262 Direction : Bruno Leplang Email : bruno@leplang.be T\u00e9l : 0032 475 59 04 78 Secr\u00e9tariat et Comptabilit\u00e9 :\u00a0 secr\u00e9tariat g\u00e9n\u00e9ral : info@leplang.be comptabilit\u00e9 : compta@leplang.be T\u00e9l : 0032 61 50Lire la suiteContact\" \/>\n<meta property=\"og:url\" content=\"https:\/\/www.leplang.be\/?page_id=1795\" \/>\n<meta property=\"og:site_name\" content=\"LEPLANG Bois\" \/>\n<meta property=\"article:modified_time\" content=\"2024-12-17T09:13:33+00:00\" \/>\n<meta property=\"og:image\" content=\"https:\/\/pic.clubic.com\/v1\/images\/1774822\/raw?fit=smartCrop&amp;height=900&amp;width=900&amp;hash=89abf740dc5a3b64bd730634497645fa2595a537\" \/>\n<meta name=\"twitter:card\" content=\"summary_large_image\" \/>\n<meta name=\"twitter:label1\" content=\"Dur\u00e9e de lecture estim\u00e9e\" \/>\n\t<meta name=\"twitter:data1\" content=\"1 minute\" \/>\n<script type=\"application\/ld+json\" class=\"yoast-schema-graph\">{\"@context\":\"https:\\\/\\\/schema.org\",\"@graph\":[{\"@type\":\"WebPage\",\"@id\":\"https:\\\/\\\/www.leplang.be\\\/?page_id=1795\",\"url\":\"https:\\\/\\\/www.leplang.be\\\/?page_id=1795\",\"name\":\"Contact - LEPLANG Bois\",\"isPartOf\":{\"@id\":\"https:\\\/\\\/www.leplang.be\\\/#website\"},\"primaryImageOfPage\":{\"@id\":\"https:\\\/\\\/www.leplang.be\\\/?page_id=1795#primaryimage\"},\"image\":{\"@id\":\"https:\\\/\\\/www.leplang.be\\\/?page_id=1795#primaryimage\"},\"thumbnailUrl\":\"https:\\\/\\\/pic.clubic.com\\\/v1\\\/images\\\/1774822\\\/raw?fit=smartCrop&amp;height=900&amp;width=900&amp;hash=89abf740dc5a3b64bd730634497645fa2595a537\",\"datePublished\":\"2018-06-07T14:02:10+00:00\",\"dateModified\":\"2024-12-17T09:13:33+00:00\",\"breadcrumb\":{\"@id\":\"https:\\\/\\\/www.leplang.be\\\/?page_id=1795#breadcrumb\"},\"inLanguage\":\"fr-FR\",\"potentialAction\":[{\"@type\":\"ReadAction\",\"target\":[\"https:\\\/\\\/www.leplang.be\\\/?page_id=1795\"]}]},{\"@type\":\"ImageObject\",\"inLanguage\":\"fr-FR\",\"@id\":\"https:\\\/\\\/www.leplang.be\\\/?page_id=1795#primaryimage\",\"url\":\"https:\\\/\\\/pic.clubic.com\\\/v1\\\/images\\\/1774822\\\/raw?fit=smartCrop&amp;height=900&amp;width=900&amp;hash=89abf740dc5a3b64bd730634497645fa2595a537\",\"contentUrl\":\"https:\\\/\\\/pic.clubic.com\\\/v1\\\/images\\\/1774822\\\/raw?fit=smartCrop&amp;height=900&amp;width=900&amp;hash=89abf740dc5a3b64bd730634497645fa2595a537\"},{\"@type\":\"BreadcrumbList\",\"@id\":\"https:\\\/\\\/www.leplang.be\\\/?page_id=1795#breadcrumb\",\"itemListElement\":[{\"@type\":\"ListItem\",\"position\":1,\"name\":\"Accueil\",\"item\":\"https:\\\/\\\/www.leplang.be\\\/\"},{\"@type\":\"ListItem\",\"position\":2,\"name\":\"Contact\"}]},{\"@type\":\"WebSite\",\"@id\":\"https:\\\/\\\/www.leplang.be\\\/#website\",\"url\":\"https:\\\/\\\/www.leplang.be\\\/\",\"name\":\"Scierie LEPLANG\",\"description\":\"The Quality Oak Specialist\",\"publisher\":{\"@id\":\"https:\\\/\\\/www.leplang.be\\\/#organization\"},\"potentialAction\":[{\"@type\":\"SearchAction\",\"target\":{\"@type\":\"EntryPoint\",\"urlTemplate\":\"https:\\\/\\\/www.leplang.be\\\/?s={search_term_string}\"},\"query-input\":{\"@type\":\"PropertyValueSpecification\",\"valueRequired\":true,\"valueName\":\"search_term_string\"}}],\"inLanguage\":\"fr-FR\"},{\"@type\":\"Organization\",\"@id\":\"https:\\\/\\\/www.leplang.be\\\/#organization\",\"name\":\"LEPLANG\",\"url\":\"https:\\\/\\\/www.leplang.be\\\/\",\"logo\":{\"@type\":\"ImageObject\",\"inLanguage\":\"fr-FR\",\"@id\":\"https:\\\/\\\/www.leplang.be\\\/#\\\/schema\\\/logo\\\/image\\\/\",\"url\":\"https:\\\/\\\/www.leplang.be\\\/wp-content\\\/uploads\\\/2017\\\/02\\\/logo-scierie-e1488368194363.jpg\",\"contentUrl\":\"https:\\\/\\\/www.leplang.be\\\/wp-content\\\/uploads\\\/2017\\\/02\\\/logo-scierie-e1488368194363.jpg\",\"width\":192,\"height\":125,\"caption\":\"LEPLANG\"},\"image\":{\"@id\":\"https:\\\/\\\/www.leplang.be\\\/#\\\/schema\\\/logo\\\/image\\\/\"}}]}<\/script>\n<!-- \/ Yoast SEO plugin. -->","yoast_head_json":{"title":"Contact - LEPLANG Bois","robots":{"index":"index","follow":"follow","max-snippet":"max-snippet:-1","max-image-preview":"max-image-preview:large","max-video-preview":"max-video-preview:-1"},"canonical":"https:\/\/www.leplang.be\/?page_id=1795","og_locale":"fr_FR","og_type":"article","og_title":"Contact - LEPLANG Bois","og_description":"LEPLANG Bois s.a. T\u00e9l : 0032 61 50 80 00 &#8211; email g\u00e9n\u00e9ral : info@leplang.be Rue de Sedan 92 \u00e0 B-5550 Alle-sur-Semois\u00a0 BCE\/TVA : BE0407.704.262 Direction : Bruno Leplang Email : bruno@leplang.be T\u00e9l : 0032 475 59 04 78 Secr\u00e9tariat et Comptabilit\u00e9 :\u00a0 secr\u00e9tariat g\u00e9n\u00e9ral : info@leplang.be comptabilit\u00e9 : compta@leplang.be T\u00e9l : 0032 61 50Lire la suiteContact","og_url":"https:\/\/www.leplang.be\/?page_id=1795","og_site_name":"LEPLANG Bois","article_modified_time":"2024-12-17T09:13:33+00:00","og_image":[{"url":"https:\/\/pic.clubic.com\/v1\/images\/1774822\/raw?fit=smartCrop&amp;height=900&amp;width=900&amp;hash=89abf740dc5a3b64bd730634497645fa2595a537","type":"","width":"","height":""}],"twitter_card":"summary_large_image","twitter_misc":{"Dur\u00e9e de lecture estim\u00e9e":"1 minute"},"schema":{"@context":"https:\/\/schema.org","@graph":[{"@type":"WebPage","@id":"https:\/\/www.leplang.be\/?page_id=1795","url":"https:\/\/www.leplang.be\/?page_id=1795","name":"Contact - LEPLANG Bois","isPartOf":{"@id":"https:\/\/www.leplang.be\/#website"},"primaryImageOfPage":{"@id":"https:\/\/www.leplang.be\/?page_id=1795#primaryimage"},"image":{"@id":"https:\/\/www.leplang.be\/?page_id=1795#primaryimage"},"thumbnailUrl":"https:\/\/pic.clubic.com\/v1\/images\/1774822\/raw?fit=smartCrop&amp;height=900&amp;width=900&amp;hash=89abf740dc5a3b64bd730634497645fa2595a537","datePublished":"2018-06-07T14:02:10+00:00","dateModified":"2024-12-17T09:13:33+00:00","breadcrumb":{"@id":"https:\/\/www.leplang.be\/?page_id=1795#breadcrumb"},"inLanguage":"fr-FR","potentialAction":[{"@type":"ReadAction","target":["https:\/\/www.leplang.be\/?page_id=1795"]}]},{"@type":"ImageObject","inLanguage":"fr-FR","@id":"https:\/\/www.leplang.be\/?page_id=1795#primaryimage","url":"https:\/\/pic.clubic.com\/v1\/images\/1774822\/raw?fit=smartCrop&amp;height=900&amp;width=900&amp;hash=89abf740dc5a3b64bd730634497645fa2595a537","contentUrl":"https:\/\/pic.clubic.com\/v1\/images\/1774822\/raw?fit=smartCrop&amp;height=900&amp;width=900&amp;hash=89abf740dc5a3b64bd730634497645fa2595a537"},{"@type":"BreadcrumbList","@id":"https:\/\/www.leplang.be\/?page_id=1795#breadcrumb","itemListElement":[{"@type":"ListItem","position":1,"name":"Accueil","item":"https:\/\/www.leplang.be\/"},{"@type":"ListItem","position":2,"name":"Contact"}]},{"@type":"WebSite","@id":"https:\/\/www.leplang.be\/#website","url":"https:\/\/www.leplang.be\/","name":"Scierie LEPLANG","description":"The Quality Oak Specialist","publisher":{"@id":"https:\/\/www.leplang.be\/#organization"},"potentialAction":[{"@type":"SearchAction","target":{"@type":"EntryPoint","urlTemplate":"https:\/\/www.leplang.be\/?s={search_term_string}"},"query-input":{"@type":"PropertyValueSpecification","valueRequired":true,"valueName":"search_term_string"}}],"inLanguage":"fr-FR"},{"@type":"Organization","@id":"https:\/\/www.leplang.be\/#organization","name":"LEPLANG","url":"https:\/\/www.leplang.be\/","logo":{"@type":"ImageObject","inLanguage":"fr-FR","@id":"https:\/\/www.leplang.be\/#\/schema\/logo\/image\/","url":"https:\/\/www.leplang.be\/wp-content\/uploads\/2017\/02\/logo-scierie-e1488368194363.jpg","contentUrl":"https:\/\/www.leplang.be\/wp-content\/uploads\/2017\/02\/logo-scierie-e1488368194363.jpg","width":192,"height":125,"caption":"LEPLANG"},"image":{"@id":"https:\/\/www.leplang.be\/#\/schema\/logo\/image\/"}}]}},"_links":{"self":[{"href":"https:\/\/www.leplang.be\/index.php?rest_route=\/wp\/v2\/pages\/1795","targetHints":{"allow":["GET"]}}],"collection":[{"href":"https:\/\/www.leplang.be\/index.php?rest_route=\/wp\/v2\/pages"}],"about":[{"href":"https:\/\/www.leplang.be\/index.php?rest_route=\/wp\/v2\/types\/page"}],"author":[{"embeddable":true,"href":"https:\/\/www.leplang.be\/index.php?rest_route=\/wp\/v2\/users\/1"}],"replies":[{"embeddable":true,"href":"https:\/\/www.leplang.be\/index.php?rest_route=%2Fwp%2Fv2%2Fcomments&post=1795"}],"version-history":[{"count":13,"href":"https:\/\/www.leplang.be\/index.php?rest_route=\/wp\/v2\/pages\/1795\/revisions"}],"predecessor-version":[{"id":1943,"href":"https:\/\/www.leplang.be\/index.php?rest_route=\/wp\/v2\/pages\/1795\/revisions\/1943"}],"wp:attachment":[{"href":"https:\/\/www.leplang.be\/index.php?rest_route=%2Fwp%2Fv2%2Fmedia&parent=1795"}],"curies":[{"name":"wp","href":"https:\/\/api.w.org\/{rel}","templated":true}]}}